{"id":1002,"date":"2017-08-07T13:55:31","date_gmt":"2017-08-07T11:55:31","guid":{"rendered":"http:\/\/www.tonkinese.ch\/nashiras\/?page_id=1002"},"modified":"2017-08-07T14:08:16","modified_gmt":"2017-08-07T12:08:16","slug":"einfuhrbestimmungen","status":"publish","type":"page","link":"http:\/\/www.tonkinese.ch\/nashiras\/info\/einfuhrbestimmungen\/","title":{"rendered":"Einfuhrbestimmungen"},"content":{"rendered":"<h4>Was es bei der Einfuhr von Katzen in die Schweiz zu beachten gilt<\/h4>\r\n&nbsp;\r\n\r\nAuf vielen selbsternannten Expertenseiten findet man leider immer wieder irref\u00fchrende und auch offensichtlich falsche Informationen zur Einfuhr von Katzen in die Schweiz. Die Regelung der Schweiz entspricht dabei den Bestimmungen f\u00fcr die EU. Die massgeblichen Informationen finden man einerseits auf der offiziellen Website des <strong>Bundesamtes f\u00fcr Lebensmittelsicherheit und Veterin\u00e4rwesen<\/strong> und andererseits auf der Homepage der <strong>Eidgen\u00f6ssischen Zollverwaltung<\/strong>.\r\n\r\nF\u00fcr Katzen bedeutet dies konkret (f\u00fcr die Einfuhr aus der EU):\r\n<ol>\r\n \t<li>Die Katze muss mit einem Microchip gekennzeichnet sein<\/li>\r\n \t<li>Die Katze muss einen vom Tierarzt ausgestellten Heimtierpass besitzen<\/li>\r\n \t<li>Die Katze muss gegen Tollwut geimpft sein, dabei muss die Impfung mindestens 21 Tage alt sein und nicht \u00e4lter als die vom Impfstoffhersteller angegebene (und vom TA im Heimtierpass vermerkte) G\u00fcltigkeitsdauer. Je nach verwendetem Tollwutimpfstoff variiert die G\u00fcltigkeit zwischen 1-3 Jahren. Es gilt ausserdem zu beachten, dass Kitten erst ab einem Alter von 12 Wochen (gegen Tollwut) geimpft werden d\u00fcrfen.\r\n<a href=\"https:\/\/www.blv.admin.ch\/blv\/de\/home\/tiere\/reisen-mit-heimtieren\/hunde-katzen-und-frettchen.html\" target=\"_blank\">Zusammenfassung Einfuhrbedingungen aus der EU<\/a><\/li>\r\n<\/ol>\r\n<strong>Ausnahmen<\/strong>: Begleitet von einer Bescheinigung d\u00fcrfen Kitten unter 12 Wochen auch ohne Tollwutimpfung in die Schweiz eingef\u00fchrt werden und Kitten zwischen 12-16 Wochen d\u00fcrfen mit Bescheinigung auch eingef\u00fchrt werden, wenn sie die Tollwutimpfung zwar bekommen haben, diese aber noch nicht 21 Tage zur\u00fcck liegt.\r\nAuf der folgenden Seite ganz unten findet man den Link zur <a href=\"https:\/\/www.blv.admin.ch\/blv\/de\/home\/import-und-export\/import\/importe-aus-der-eu\/lebende-tiere-aus-der-eu\/hukafr-eu.html\" target=\"_blank\">Bescheingung<\/a>, mit der man best\u00e4tigt, dass das Kitten keinen Kontakt zu Wildtieren hatte.\r\n\r\nAusserdem gilt zu beachten, dass Katzen (\u00fcber einem \"Warenwert\" von CHF 300) der <strong>Mehrwertsteuer<\/strong> (8,0%) unterliegen, nachzulesen unter <a href=\"https:\/\/www.ezv.admin.ch\/ezv\/de\/home\/information-private\/tiere-und-pflanzen\/hunde--katzen--haustiere.html\" target=\"_blank\">Abgaben<\/a>. Daher ist es ratsam, dass man sich \u00fcber den Verkauf eine Quittung ausstellen l\u00e4sst, wenn der Kaufpreis\u00a0nicht sowieso aus dem Kittenkaufvertrag hervorgeht.","protected":false},"excerpt":{"rendered":"<p>Was es bei der Einfuhr von Katzen in die Schweiz zu beachten gilt &nbsp; Auf vielen selbsternannten Expertenseiten findet man leider immer wieder irref\u00fchrende und auch offensichtlich falsche Informationen zur Einfuhr von Katzen in die Schweiz. Die Regelung der Schweiz&#8230; <a class=\"more-link\" href=\"http:\/\/www.tonkinese.ch\/nashiras\/info\/einfuhrbestimmungen\/\">Weiterlesen &rarr;<\/a><\/p>\n","protected":false},"author":1,"featured_media":0,"parent":75,"menu_order":0,"comment_status":"closed","ping_status":"closed","template":"","meta":[],"_links":{"self":[{"href":"http:\/\/www.tonkinese.ch\/nashiras\/wp-json\/wp\/v2\/pages\/1002"}],"collection":[{"href":"http:\/\/www.tonkinese.ch\/nashiras\/wp-json\/wp\/v2\/pages"}],"about":[{"href":"http:\/\/www.tonkinese.ch\/nashiras\/wp-json\/wp\/v2\/types\/page"}],"author":[{"embeddable":true,"href":"http:\/\/www.tonkinese.ch\/nashiras\/wp-json\/wp\/v2\/users\/1"}],"replies":[{"embeddable":true,"href":"http:\/\/www.tonkinese.ch\/nashiras\/wp-json\/wp\/v2\/comments?post=1002"}],"version-history":[{"count":6,"href":"http:\/\/www.tonkinese.ch\/nashiras\/wp-json\/wp\/v2\/pages\/1002\/revisions"}],"predecessor-version":[{"id":1008,"href":"http:\/\/www.tonkinese.ch\/nashiras\/wp-json\/wp\/v2\/pages\/1002\/revisions\/1008"}],"up":[{"embeddable":true,"href":"http:\/\/www.tonkinese.ch\/nashiras\/wp-json\/wp\/v2\/pages\/75"}],"wp:attachment":[{"href":"http:\/\/www.tonkinese.ch\/nashiras\/wp-json\/wp\/v2\/media?parent=1002"}],"curies":[{"name":"wp","href":"https:\/\/api.w.org\/{rel}","templated":true}]}}