{"id":15,"date":"2012-06-04T17:19:51","date_gmt":"2012-06-04T17:19:51","guid":{"rendered":"http:\/\/www.tonkinese.ch\/nashiras\/?page_id=15"},"modified":"2020-07-28T22:54:13","modified_gmt":"2020-07-28T20:54:13","slug":"steckbrief","status":"publish","type":"page","link":"http:\/\/www.tonkinese.ch\/nashiras\/about\/steckbrief\/","title":{"rendered":"Steckbrief"},"content":{"rendered":"<p style=\"padding-left: 40px;\"><a href=\"http:\/\/www.tonkinese.ch\/nashiras\/wp-content\/uploads\/2020\/07\/Jambul-and-me.jpg\"><img class=\"alignleft wp-image-1209\" title=\"Katerchen Jambul kuschelt sich gerne ins Hoodie\" src=\"http:\/\/www.tonkinese.ch\/nashiras\/wp-content\/uploads\/2020\/07\/Jambul-and-me.jpg\" alt=\"\" width=\"328\" height=\"329\" \/><\/a>Mein Name ist Monika Wernli und ich wohne im Schweizer Mittelland, genauer im Aargau, verkehrsg\u00fcnstig zwischen Z\u00fcrich, Basel und Luzern gelegen. Katzen begleiten mich schon den gr\u00f6ssten Teil meines Lebens. Als 2003 mit Kobold's Halina die erste Tonkanesin bei mir einzog, hegte ich noch keinerlei Zuchtabsichten. Doch schon bald war ich vom Charme und der einzigartigen Ausstrahlung dieser Rasse so bezaubert, dass ich meinen kleinen Beitrag zum Erhalt und der Verbreitung dieser wunderbaren Rasse auf dem europ\u00e4ischen Festland leisten wollte. So nahm meine kleine Hobbyzucht ihren Anfang. Seither z\u00fcchte ich in kleinem Rahmen, schreibe hin und wieder Artikel zu Tonkanesen und anderen Katzen-Themen, habe die Tonkanesen-Stammbaum Datenbank bei Pawpeds aufgebaut, die ich nach wie vor zusammen mit dem australischen Z\u00fcchter Mark Lathouras (Emmel Tonkinese) betreue, und habe in der Schweiz wie auch im europ\u00e4ischen Ausland diverse Tonkanesen-Jungz\u00fcchter mentoriert.<\/p>","protected":false},"excerpt":{"rendered":"<p>Mein Name ist Monika Wernli und ich wohne im Schweizer Mittelland, genauer im Aargau, verkehrsg\u00fcnstig zwischen Z\u00fcrich, Basel und Luzern gelegen. Katzen begleiten mich schon den gr\u00f6ssten Teil meines Lebens. Als 2003 mit Kobold&#8217;s Halina die erste Tonkanesin bei mir&#8230; <a class=\"more-link\" href=\"http:\/\/www.tonkinese.ch\/nashiras\/about\/steckbrief\/\">Weiterlesen &rarr;<\/a><\/p>\n","protected":false},"author":1,"featured_media":0,"parent":2,"menu_order":1,"comment_status":"closed","ping_status":"closed","template":"","meta":[],"_links":{"self":[{"href":"http:\/\/www.tonkinese.ch\/nashiras\/wp-json\/wp\/v2\/pages\/15"}],"collection":[{"href":"http:\/\/www.tonkinese.ch\/nashiras\/wp-json\/wp\/v2\/pages"}],"about":[{"href":"http:\/\/www.tonkinese.ch\/nashiras\/wp-json\/wp\/v2\/types\/page"}],"author":[{"embeddable":true,"href":"http:\/\/www.tonkinese.ch\/nashiras\/wp-json\/wp\/v2\/users\/1"}],"replies":[{"embeddable":true,"href":"http:\/\/www.tonkinese.ch\/nashiras\/wp-json\/wp\/v2\/comments?post=15"}],"version-history":[{"count":11,"href":"http:\/\/www.tonkinese.ch\/nashiras\/wp-json\/wp\/v2\/pages\/15\/revisions"}],"predecessor-version":[{"id":1211,"href":"http:\/\/www.tonkinese.ch\/nashiras\/wp-json\/wp\/v2\/pages\/15\/revisions\/1211"}],"up":[{"embeddable":true,"href":"http:\/\/www.tonkinese.ch\/nashiras\/wp-json\/wp\/v2\/pages\/2"}],"wp:attachment":[{"href":"http:\/\/www.tonkinese.ch\/nashiras\/wp-json\/wp\/v2\/media?parent=15"}],"curies":[{"name":"wp","href":"https:\/\/api.w.org\/{rel}","templated":true}]}}