{"id":2,"date":"2012-06-04T16:38:48","date_gmt":"2012-06-04T16:38:48","guid":{"rendered":"http:\/\/www.tonkinese.ch\/nashiras\/?page_id=2"},"modified":"2012-12-15T21:05:04","modified_gmt":"2012-12-15T21:05:04","slug":"about","status":"publish","type":"page","link":"http:\/\/www.tonkinese.ch\/nashiras\/about\/","title":{"rendered":"About"},"content":{"rendered":"Unsere kleine Hobbyzucht von Tonkanesen besteht seit 2004. Wir haben uns der Zucht dieser wunderbaren, leider hierzulande noch viel zu wenig bekannten Rasse verschrieben. Wir ziehen im Jahr 1-3 W\u00fcrfe gross, so haben wir gen\u00fcgend Zeit uns um die Kitten zu k\u00fcmmern. Gesundheit und Wesen stehen f\u00fcr uns an erster Stelle, daneben versuchen wir aber auch, einen guten intermedi\u00e4ren Typ zu z\u00fcchten, der zwischen dem englischen und amerikanischen steht. Wir z\u00fcchten in allen Grundfarben und seit einigen Jahren auch die seltenen Farben Cinnamon und Fawn.","protected":false},"excerpt":{"rendered":"<p>Unsere kleine Hobbyzucht von Tonkanesen besteht seit 2004. Wir haben uns der Zucht dieser wunderbaren, leider hierzulande noch viel zu wenig bekannten Rasse verschrieben. Wir ziehen im Jahr 1-3 W\u00fcrfe gross, so haben wir gen\u00fcgend Zeit uns um die Kitten&#8230; <a class=\"more-link\" href=\"http:\/\/www.tonkinese.ch\/nashiras\/about\/\">Weiterlesen &rarr;<\/a><\/p>\n","protected":false},"author":1,"featured_media":0,"parent":0,"menu_order":0,"comment_status":"closed","ping_status":"closed","template":"","meta":[],"_links":{"self":[{"href":"http:\/\/www.tonkinese.ch\/nashiras\/wp-json\/wp\/v2\/pages\/2"}],"collection":[{"href":"http:\/\/www.tonkinese.ch\/nashiras\/wp-json\/wp\/v2\/pages"}],"about":[{"href":"http:\/\/www.tonkinese.ch\/nashiras\/wp-json\/wp\/v2\/types\/page"}],"author":[{"embeddable":true,"href":"http:\/\/www.tonkinese.ch\/nashiras\/wp-json\/wp\/v2\/users\/1"}],"replies":[{"embeddable":true,"href":"http:\/\/www.tonkinese.ch\/nashiras\/wp-json\/wp\/v2\/comments?post=2"}],"version-history":[{"count":4,"href":"http:\/\/www.tonkinese.ch\/nashiras\/wp-json\/wp\/v2\/pages\/2\/revisions"}],"predecessor-version":[{"id":321,"href":"http:\/\/www.tonkinese.ch\/nashiras\/wp-json\/wp\/v2\/pages\/2\/revisions\/321"}],"wp:attachment":[{"href":"http:\/\/www.tonkinese.ch\/nashiras\/wp-json\/wp\/v2\/media?parent=2"}],"curies":[{"name":"wp","href":"https:\/\/api.w.org\/{rel}","templated":true}]}}