{"id":269,"date":"2012-11-04T04:44:13","date_gmt":"2012-11-04T03:44:13","guid":{"rendered":"http:\/\/www.tonkinese.ch\/nashiras\/?page_id=269"},"modified":"2020-07-25T01:18:36","modified_gmt":"2020-07-24T23:18:36","slug":"pedigree-database","status":"publish","type":"page","link":"http:\/\/www.tonkinese.ch\/nashiras\/tonkanesen\/pedigree-database\/","title":{"rendered":"Pedigree Database"},"content":{"rendered":"\n<figure class=\"wp-block-image\"><a href=\"http:\/\/www.tonkinese.ch\/nashiras\/wp-content\/uploads\/2012\/11\/db_banner_1.jpg\"><img src=\"http:\/\/www.tonkinese.ch\/nashiras\/wp-content\/uploads\/2012\/11\/db_banner_1.jpg\" alt=\"\" class=\"wp-image-333\" title=\"db_banner_1\"\/><\/a><\/figure>\n\n\n\n<p>Bei einer so seltenen Rasse wie Tonkanesen ist es besonders wichtig, jede Verpaarung sorgf\u00e4ltig zu planen und darauf zu achten, dass die Verpaarungspartner nicht zu eng miteinander verwandt sind. Um einen \u00dcberblick \u00fcber die zur Zucht eingesetzten Tiere zu erhalten, habe ich mich vor ein paar Jahren entschlossen, eine <a href=\"http:\/\/pawpeds.com\/db\/?p=tos&amp;date=iso\">Stammbaum-Datenbank<\/a> f\u00fcr Tonkanesen anzulegen. Da die Datenbank allen Z\u00fcchtern zugute kommen soll ist sie \u00f6ffentlich und wird von <a href=\"http:\/\/pawpeds.com\/\">Pawpeds<\/a> gehostet. Sie enth\u00e4lt inzwischen \u00fcber 2000 Eintr\u00e4ge.<\/p>\n","protected":false},"excerpt":{"rendered":"<p>Bei einer so seltenen Rasse wie Tonkanesen ist es besonders wichtig, jede Verpaarung sorgf\u00e4ltig zu planen und darauf zu achten, dass die Verpaarungspartner nicht zu eng miteinander verwandt sind. Um einen \u00dcberblick \u00fcber die zur Zucht eingesetzten Tiere zu erhalten,&#8230; <a class=\"more-link\" href=\"http:\/\/www.tonkinese.ch\/nashiras\/tonkanesen\/pedigree-database\/\">Weiterlesen &rarr;<\/a><\/p>\n","protected":false},"author":1,"featured_media":0,"parent":45,"menu_order":4,"comment_status":"closed","ping_status":"closed","template":"","meta":[],"_links":{"self":[{"href":"http:\/\/www.tonkinese.ch\/nashiras\/wp-json\/wp\/v2\/pages\/269"}],"collection":[{"href":"http:\/\/www.tonkinese.ch\/nashiras\/wp-json\/wp\/v2\/pages"}],"about":[{"href":"http:\/\/www.tonkinese.ch\/nashiras\/wp-json\/wp\/v2\/types\/page"}],"author":[{"embeddable":true,"href":"http:\/\/www.tonkinese.ch\/nashiras\/wp-json\/wp\/v2\/users\/1"}],"replies":[{"embeddable":true,"href":"http:\/\/www.tonkinese.ch\/nashiras\/wp-json\/wp\/v2\/comments?post=269"}],"version-history":[{"count":12,"href":"http:\/\/www.tonkinese.ch\/nashiras\/wp-json\/wp\/v2\/pages\/269\/revisions"}],"predecessor-version":[{"id":1149,"href":"http:\/\/www.tonkinese.ch\/nashiras\/wp-json\/wp\/v2\/pages\/269\/revisions\/1149"}],"up":[{"embeddable":true,"href":"http:\/\/www.tonkinese.ch\/nashiras\/wp-json\/wp\/v2\/pages\/45"}],"wp:attachment":[{"href":"http:\/\/www.tonkinese.ch\/nashiras\/wp-json\/wp\/v2\/media?parent=269"}],"curies":[{"name":"wp","href":"https:\/\/api.w.org\/{rel}","templated":true}]}}