{"id":282,"date":"2012-12-15T17:45:11","date_gmt":"2012-12-15T17:45:11","guid":{"rendered":"http:\/\/www.tonkinese.ch\/nashiras\/?page_id=282"},"modified":"2020-07-25T01:15:55","modified_gmt":"2020-07-24T23:15:55","slug":"tierarzt","status":"publish","type":"page","link":"http:\/\/www.tonkinese.ch\/nashiras\/about\/tierarzt\/","title":{"rendered":"Tierarzt"},"content":{"rendered":"\n<h3>Tierklinik Aarau-West<\/h3>\n\n\n\n<p>Seit 2006 werden wir von der&nbsp;<strong><a href=\"http:\/\/www.tierklinikaw.ch\/\" target=\"_blank\" rel=\"noopener noreferrer\">Tierklinik Aarau-West<\/a><\/strong>&nbsp;betreut, die nebst einem 24-Stunden Notfalldienst eine fortschrittliche medizinische Versorgung anbietet. Die Tierklinik bietet unter ihrem Dach auch Sprechstunden bei diversen Fachspezialisten, &nbsp;die Dermatologie, Augenheilkunde, Radiologie und ab 2013 auch Kardiologie abdecken.<\/p>\n\n\n\n<p>Ich f\u00fchle mich in der Tierklinik gut aufgehoben und kompetent beraten und bin auch dankbar, dass schon einige schwierige F\u00e4lle wie eine Darminvagination bei einem 9-w\u00f6chigen Kitten und ein Notkaiserschnitt um 3 Uhr morgens dank dem Einsatz der Tier\u00e4rzte einen guten Ausgang genommen haben.<\/p>\n","protected":false},"excerpt":{"rendered":"<p>Tierklinik Aarau-West Seit 2006 werden wir von der&nbsp;Tierklinik Aarau-West&nbsp;betreut, die nebst einem 24-Stunden Notfalldienst eine fortschrittliche medizinische Versorgung anbietet. Die Tierklinik bietet unter ihrem Dach auch Sprechstunden bei diversen Fachspezialisten, &nbsp;die Dermatologie, Augenheilkunde, Radiologie und ab 2013 auch Kardiologie abdecken&#8230;. <a class=\"more-link\" href=\"http:\/\/www.tonkinese.ch\/nashiras\/about\/tierarzt\/\">Weiterlesen &rarr;<\/a><\/p>\n","protected":false},"author":1,"featured_media":0,"parent":2,"menu_order":3,"comment_status":"open","ping_status":"open","template":"","meta":[],"_links":{"self":[{"href":"http:\/\/www.tonkinese.ch\/nashiras\/wp-json\/wp\/v2\/pages\/282"}],"collection":[{"href":"http:\/\/www.tonkinese.ch\/nashiras\/wp-json\/wp\/v2\/pages"}],"about":[{"href":"http:\/\/www.tonkinese.ch\/nashiras\/wp-json\/wp\/v2\/types\/page"}],"author":[{"embeddable":true,"href":"http:\/\/www.tonkinese.ch\/nashiras\/wp-json\/wp\/v2\/users\/1"}],"replies":[{"embeddable":true,"href":"http:\/\/www.tonkinese.ch\/nashiras\/wp-json\/wp\/v2\/comments?post=282"}],"version-history":[{"count":4,"href":"http:\/\/www.tonkinese.ch\/nashiras\/wp-json\/wp\/v2\/pages\/282\/revisions"}],"predecessor-version":[{"id":1148,"href":"http:\/\/www.tonkinese.ch\/nashiras\/wp-json\/wp\/v2\/pages\/282\/revisions\/1148"}],"up":[{"embeddable":true,"href":"http:\/\/www.tonkinese.ch\/nashiras\/wp-json\/wp\/v2\/pages\/2"}],"wp:attachment":[{"href":"http:\/\/www.tonkinese.ch\/nashiras\/wp-json\/wp\/v2\/media?parent=282"}],"curies":[{"name":"wp","href":"https:\/\/api.w.org\/{rel}","templated":true}]}}