{"id":77,"date":"2012-06-04T22:11:00","date_gmt":"2012-06-04T22:11:00","guid":{"rendered":"http:\/\/www.tonkinese.ch\/nashiras\/?page_id=77"},"modified":"2020-07-28T23:02:40","modified_gmt":"2020-07-28T21:02:40","slug":"kitten","status":"publish","type":"page","link":"http:\/\/www.tonkinese.ch\/nashiras\/kitten\/","title":{"rendered":"Kitten"},"content":{"rendered":"\n<p>F\u00fcr aktuell verf\u00fcgbare Kitten\/erwachsene Katzen klicken Sie rechts unter der Rubrik KATEGORIEN auf KITTEN, respektive ABZUGEBEN.<\/p>\n\n\n\n<p>Bevor Sie sich entscheiden, ein kleines\u00a0K\u00e4tzchen\u00a0bei sich aufzunehmen, seien Sie sich der Verantwortung bewusst, die Sie damit \u00fcbernehmen. Obwohl Katzen eher wenig Arbeit machen (F\u00fcttern, Reinigen des Katzenklos, Pflege\/Gesundheitskontrolle), brauchen Sie doch die t\u00e4gliche Zuwendung durch Ihren Menschen. Auch kann eine Katze im Idealfall \u00fcber 20 Jahre alt werden und braucht im Alter dann vielleicht besondere Pflege.<\/p>\n\n\n\n<p>Meine Kitten werden von mir liebevoll&nbsp;in der Wohnung&nbsp;aufgezogen und verlassen die Mutter fr\u00fchestens in der 13.\/14. Woche, nachdem die Sozialisierungsphase abgeschlossen ist. Zu diesem Zeitpunkt sind die Kitten stubenrein, mehrmals entwurmt&nbsp;und bereits zweimal gegen Katzenschnupfen\/Katzenseuche und&nbsp;gegen Leukose geimpft. Mit der Abgabe der Kitten wird der Impfpass und&nbsp;Stammbaum mitgegeben.<\/p>\n\n\n\n<p>Ich verkaufe keine Kitten \u00fcber das Internet; die Homepage dient lediglich dazu, die Kitten vorzustellen und Informationen \u00fcber die Haltung und Pflege dieser liebensw\u00fcrdigen Katzen bereitzustellen. Sollten Sie sich f\u00fcr ein Kitten von&nbsp;<strong>Nashira's<\/strong>&nbsp;interessieren, k\u00f6nnen Sie gerne einen Besuchstermin&nbsp;vereinbaren.<\/p>\n\n\n\n<p>Nat\u00fcrlich m\u00f6chte ich f\u00fcr all meine Kitten einen optimalen Lebensplatz, wo sie geliebte Familienmitglieder sind und verw\u00f6hnt und beschmust werden. Aus diesem Grund sollten Interessenten bereit sein, Fragen zu ihrer Lebenssituation zu beantworten. Tonkinesen sind sehr gesellige Tiere und eignen sich nicht zur Einzelhaltung; am besten vergesellschaftet man sie mit einer Rasse von \u00e4hnlichem Temperament (z.B. einer orientalischen Rasse, Burma). Meine Katzen werden nur in reine Wohnungshaltung abgegeben, obwohl sie nat\u00fcrlich einen&nbsp;<span style=\"text-decoration: underline;\">gesicherten<\/span>&nbsp;Balkon&nbsp;oder Auslauf&nbsp;gerne annehmen.<\/p>\n\n\n\n<p>Sollten Sie noch weitere Fragen zur Rasse, Haltung oder einem der Kitten haben, stehe ich Ihnen gerne zur Verf\u00fcgung.<\/p>\n","protected":false},"excerpt":{"rendered":"<p>F\u00fcr aktuell verf\u00fcgbare Kitten\/erwachsene Katzen klicken Sie rechts unter der Rubrik KATEGORIEN auf KITTEN, respektive ABZUGEBEN. Bevor Sie sich entscheiden, ein kleines\u00a0K\u00e4tzchen\u00a0bei sich aufzunehmen, seien Sie sich der Verantwortung bewusst, die Sie damit \u00fcbernehmen. Obwohl Katzen eher wenig Arbeit machen&#8230; <a class=\"more-link\" href=\"http:\/\/www.tonkinese.ch\/nashiras\/kitten\/\">Weiterlesen &rarr;<\/a><\/p>\n","protected":false},"author":1,"featured_media":0,"parent":0,"menu_order":2,"comment_status":"closed","ping_status":"closed","template":"","meta":[],"_links":{"self":[{"href":"http:\/\/www.tonkinese.ch\/nashiras\/wp-json\/wp\/v2\/pages\/77"}],"collection":[{"href":"http:\/\/www.tonkinese.ch\/nashiras\/wp-json\/wp\/v2\/pages"}],"about":[{"href":"http:\/\/www.tonkinese.ch\/nashiras\/wp-json\/wp\/v2\/types\/page"}],"author":[{"embeddable":true,"href":"http:\/\/www.tonkinese.ch\/nashiras\/wp-json\/wp\/v2\/users\/1"}],"replies":[{"embeddable":true,"href":"http:\/\/www.tonkinese.ch\/nashiras\/wp-json\/wp\/v2\/comments?post=77"}],"version-history":[{"count":11,"href":"http:\/\/www.tonkinese.ch\/nashiras\/wp-json\/wp\/v2\/pages\/77\/revisions"}],"predecessor-version":[{"id":1215,"href":"http:\/\/www.tonkinese.ch\/nashiras\/wp-json\/wp\/v2\/pages\/77\/revisions\/1215"}],"wp:attachment":[{"href":"http:\/\/www.tonkinese.ch\/nashiras\/wp-json\/wp\/v2\/media?parent=77"}],"curies":[{"name":"wp","href":"https:\/\/api.w.org\/{rel}","templated":true}]}}